{"id":4290,"date":"2019-01-21T15:19:39","date_gmt":"2019-01-21T14:19:39","guid":{"rendered":"https:\/\/www.enag.fr\/english\/?page_id=4290"},"modified":"2019-01-21T15:19:39","modified_gmt":"2019-01-21T14:19:39","slug":"4290-2","status":"publish","type":"page","link":"https:\/\/www.enag.fr\/english\/4290-2\/","title":{"rendered":""},"content":{"rendered":"<div class=\"wpb-content-wrapper\"><p>[vc_row][vc_column width=&#8221;1\/3&#8243;][vc_column_text]<\/p>\n<h2 class=\"title\">Le sens du service<\/h2>\n<p><strong>Enag propose \u00e0 ses clients une offre compl\u00e8te de services durant tout le cycle de vie de leurs produits.<\/strong><\/p>\n<p>Dans le cadre de d\u00e9veloppements suivant le cahier des charges de nos clients, nos services techniques assurent\u00a0<strong><em>la gestion du projet<\/em><\/strong>\u00a0durant toutes les phases de d\u00e9finition, de conception, de qualification et de production. Cette interface vous permet d\u2019avoir un suivi personnalis\u00e9 et r\u00e9gulier de l\u2019avancement du d\u00e9veloppement de vos produits en tenant compte de vos contraintes.<\/p>\n<p>Nous proposons \u00e9galement de vous accompagner lors de\u00a0<strong><em>la mise en service<\/em><\/strong>\u00a0de vos \u00e9quipements et si vous le souhaitez de former vos \u00e9quipes \u00e0 l\u2019utilisation et la maintenance de premier niveau.<\/p>\n<p class=\"p1\"><span class=\"s1\">\u00a0<\/span><\/p>\n<p>[\/vc_column_text][\/vc_column][vc_column width=&#8221;1\/3&#8243;][vc_column_text]<\/p>\n<h2 class=\"title\">Notre support t\u00e9l\u00e9phonique<\/h2>\n<p>Nous sommes disponible pour r\u00e9pondre \u00e0 vos questions sur le fonctionnement de vos produits et vous conseiller en cas besoin. En choisissant de nous confier la maintenance de vos produits dans le cadre\u00a0<strong><em>d\u2019un contrat de Maintien en Condition Op\u00e9rationnelle (MCO)<\/em><\/strong>, vous vous assurez un fonctionnement efficace de vos \u00e9quipements, ainsi qu\u2019une long\u00e9vit\u00e9 accrue. Vous optimisez ainsi vos co\u00fbts de possession et d\u2019exploitation.<\/p>\n<p>[\/vc_column_text][\/vc_column][vc_column width=&#8221;1\/3&#8243;][vc_column_text]<\/p>\n<h2 class=\"title\">Maintenance pr\u00e9ventive<\/h2>\n<p>Nous vous proposons en tant que constructeur des programmes de\u00a0<strong><em>maintenances pr\u00e9ventives<\/em><\/strong>\u00a0adapt\u00e9s \u00e0 vos \u00e9quipements, des lots de pi\u00e8ces de rechanges et un suivi d\u2019obsolescences sp\u00e9cifique \u00e0 vos produits.<\/p>\n<p>Vous avez \u00e9galement la possibilit\u00e9 de nous retourner vos \u00e9quipements en usine. Nos techniciens, d\u00e9di\u00e9s au service clients, assurent la prestation demand\u00e9e. Nous pouvons r\u00e9aliser\u00a0<strong><em>les maintenances pr\u00e9ventives<\/em><\/strong>, ainsi que\u00a0<strong><em>les r\u00e9parations<\/em><\/strong>\u00a0suivant le dossier de d\u00e9finition d\u2019origine. Chaque \u00e9quipement sera test\u00e9 conform\u00e9ment \u00e0 la proc\u00e9dure de tests r\u00e9alis\u00e9s lors de sa fabrication.[\/vc_column_text][\/vc_column][vc_column][vc_separator color=&#8221;black&#8221;][vc_column_text]<em>Si vous souhaitez nous retourner votre \u00e9quipement, merci de compl\u00e9ter le formulaire ci-dessous en y mentionnant notamment <strong>tous les d\u00e9tails<\/strong> qui seront pris en compte lors de la r\u00e9paration ou de la maintenance pr\u00e9ventive. Notre \u00e9quipe SAV reprendra contact avec vous dans les plus brefs d\u00e9lais afin de vous tenir inform\u00e9 des r\u00e9sultats de son expertise.<\/em>[\/vc_column_text][vc_btn title=&#8221;Demande SAV&#8221; style=&#8221;anps&#8221; shape=&#8221;square&#8221; color=&#8221;primary&#8221; i_icon_fontawesome=&#8221;fa fa-arrow-right&#8221; add_icon=&#8221;true&#8221; link=&#8221;url:http%3A%2F%2Fwww.enag.fr%2Fsav%2F|title:Formulaire%20SAV|target:%20_blank|&#8221;][\/vc_column][\/vc_row][vc_row full_width=&#8221;stretch_row&#8221; css=&#8221;.vc_custom_1493138303785{background-color: rgba(255,255,255,0.6) !important;*background-color: rgb(255,255,255) !important;}&#8221;][vc_column][vc_column_text]<\/p>\n<div id=\"T\u00e9l\u00e9chargement\">\n<h2 class=\"title\">T\u00e9l\u00e9chargement<\/h2>\n<\/div>\n<p>[\/vc_column_text][vc_tta_tabs][vc_tta_section title=&#8221;Fiches techniques&#8221; tab_id=&#8221;1493137452723-c0019237-9dcd&#8221;][vc_column_text]<\/p>\n<h4>Alimentation<\/h4>\n<p><a href=\"https:\/\/www.enag.fr\/wp-content\/uploads\/2017\/05\/FC-ALM-ALT-FR-C.pdf\" target=\"_blank\" rel=\"noopener noreferrer\">Gamme ALM-ALT &#8211; alternatif\/continu<\/a><\/p>\n<p><a href=\"https:\/\/www.enag.fr\/wp-content\/uploads\/2017\/05\/FC-ALT-ADT-28-FR-C.pdf\" target=\"_blank\" rel=\"noopener noreferrer\">Gamme ALT-ADT &#8211; 28Vcc mobile<\/a><\/p>\n<p><a href=\"https:\/\/www.enag.fr\/wp-content\/uploads\/2017\/05\/FC-ALT-72-300-FR-D.pdf\" target=\"_blank\" rel=\"noopener noreferrer\">Gamme ALT &#8211; 72Vcc-300A<\/a><\/p>\n<p><a href=\"https:\/\/www.enag.fr\/wp-content\/uploads\/2017\/05\/FC-BOOSTER-FR-A.pdf\" target=\"_blank\" rel=\"noopener noreferrer\">Gamme PSEA-PBD &#8211; 24\/72\/110V mobile<\/a><\/p>\n<p><a href=\"https:\/\/www.enag.fr\/wp-content\/uploads\/2017\/05\/FC-SMDSM-FR-F.pdf\" target=\"_blank\" rel=\"noopener noreferrer\">Gamme SMDSM<\/a><\/p>\n<p><a href=\"https:\/\/www.enag.fr\/wp-content\/uploads\/2017\/05\/FC-SQ-FR-E.pdf\" target=\"_blank\" rel=\"noopener noreferrer\">Gamme SQ<\/a><\/p>\n<p><a href=\"https:\/\/www.enag.fr\/wp-content\/uploads\/2017\/05\/FC-ALMI-TACTIQUE-FR-A.pdf\" target=\"_blank\" rel=\"noopener noreferrer\">Alimentation tactique 230Vca &#8211; 500A<\/a><\/p>\n<p><a href=\"https:\/\/www.enag.fr\/wp-content\/uploads\/2017\/05\/FC-DEB-FR-EN-C.pdf\" target=\"_blank\" rel=\"noopener noreferrer\">Alimentation tactique 24Vcc jusqu&#8217;\u00e0 265A<\/a><\/p>\n<p><a href=\"https:\/\/www.enag.fr\/wp-content\/uploads\/2017\/05\/FC-CHARG-EMB-FR-EN-A.pdf\" target=\"_blank\" rel=\"noopener noreferrer\">Alimentation 24Vcc &#8211; 135A Rack<\/a><\/p>\n<p>&nbsp;<\/p>\n<h4>Alimentation sans interruption<\/h4>\n<p><a href=\"https:\/\/www.enag.fr\/wp-content\/uploads\/2017\/05\/FC-ALMI-TACTIQUE-FR-A.pdf\" target=\"_blank\" rel=\"noopener noreferrer\">Gamme ALMI-ASI 230Vca-500VA mobile<\/a><\/p>\n<p><a href=\"https:\/\/www.enag.fr\/wp-content\/uploads\/2017\/05\/FC-ALMI-RACK-115-700-10MN-FR-B.pdf\" target=\"_blank\" rel=\"noopener noreferrer\">Gamme ALMI-ASI 115-230Vac-700VA rack<\/a><\/p>\n<p><a href=\"https:\/\/www.enag.fr\/wp-content\/uploads\/2017\/04\/FC-UPS-FR-EN-D.pdf\" target=\"_blank\" rel=\"noopener noreferrer\">Gamme ALMIV-ASI 5 \u00e0 10KVA modulaire<\/a><\/p>\n<p><a href=\"https:\/\/www.enag.fr\/wp-content\/uploads\/2017\/05\/FC-ALMIV-700-2000-FR-A.pdf\" target=\"_blank\" rel=\"noopener noreferrer\">Gamme ALMIV-ASI 700-2KVA<\/a><\/p>\n<p>&nbsp;<\/p>\n<h4>Alimentation secourue<\/h4>\n<p><a href=\"https:\/\/www.enag.fr\/wp-content\/uploads\/2018\/12\/FC-ADM-SB-FR-D.pdf\" target=\"_blank\" rel=\"noopener noreferrer\">Gamme ADM-SB\u00a0&#8211; AC\/DC<\/a><\/p>\n<p><a href=\"https:\/\/www.enag.fr\/wp-content\/uploads\/2018\/12\/FC-ADM-SB-C13100-FR-F.pdf\" target=\"_blank\" rel=\"noopener noreferrer\">Gamme ADM-SB &#8211; C13100<\/a><\/p>\n<p><a href=\"https:\/\/www.enag.fr\/wp-content\/uploads\/2017\/05\/FC-ADM-SB-MAR-FR-A.pdf\" target=\"_blank\" rel=\"noopener noreferrer\">Gamme ADM-SB Marine<\/a><\/p>\n<p>&nbsp;<\/p>\n<h4>Alternateur<\/h4>\n<p><a href=\"https:\/\/www.enag.fr\/wp-content\/uploads\/2017\/05\/FC-PROP-GREEN-FR-B.pdf\" target=\"_blank\" rel=\"noopener noreferrer\">Alternateur de ligne d&#8217;arbre<\/a><\/p>\n<p><a href=\"https:\/\/www.enag.fr\/wp-content\/uploads\/2017\/05\/FC-ALT24-FR-B.pdf\" target=\"_blank\" rel=\"noopener noreferrer\">Alternateur 24V DC<\/a><\/p>\n<p>&nbsp;<\/p>\n<h4>Banc de charge-d\u00e9charge<\/h4>\n<p><a href=\"https:\/\/www.enag.fr\/wp-content\/uploads\/2017\/05\/FC-CDP-ACQ-FR-A.pdf\" target=\"_blank\" rel=\"noopener noreferrer\">Centrale d&#8217;acquisition mobile pour CDP<\/a><\/p>\n<p><a href=\"https:\/\/www.enag.fr\/wp-content\/uploads\/2017\/05\/FC-BDB-120-125-FR-C.pdf\" target=\"_blank\" rel=\"noopener noreferrer\">Gamme BDB &#8211; D\u00e9charge mobile<\/a><\/p>\n<p><a href=\"https:\/\/www.enag.fr\/wp-content\/uploads\/2017\/05\/FC-BCD-FR-A.pdf\" target=\"_blank\" rel=\"noopener noreferrer\">Gamme BCD &#8211; Charge\/D\u00e9charge mobile<\/a><\/p>\n<p><a href=\"https:\/\/www.enag.fr\/wp-content\/uploads\/2017\/05\/FC-CDP-FR-H.pdf\" target=\"_blank\" rel=\"noopener noreferrer\">Gamme CDP &#8211; Charge\/D\u00e9charge mobile<\/a><\/p>\n<p><a href=\"https:\/\/www.enag.fr\/wp-content\/uploads\/2018\/11\/FC-DPF-FR-F.pdf\">Gamme DPF &#8211; D\u00e9chargeur portatif<\/a><\/p>\n<p>&nbsp;<\/p>\n<h4>Chargeur de batterie<\/h4>\n<p><a href=\"https:\/\/www.enag.fr\/wp-content\/uploads\/2017\/05\/FC-CHARG-EMB-FR-EN-A.pdf\" target=\"_blank\" rel=\"noopener noreferrer\">Chargeur 24V-135A &#8211; Rack<\/a><\/p>\n<p><a href=\"https:\/\/www.enag.fr\/wp-content\/uploads\/2017\/05\/FC-DEB-FR-EN-C.pdf\" target=\"_blank\" rel=\"noopener noreferrer\">Chargeur 24Vcc Tactique jusqu&#8217;\u00e0 265A<\/a><\/p>\n<p><a href=\"https:\/\/www.enag.fr\/wp-content\/uploads\/2017\/05\/FC-CDxM-FR-EN-B.pdf\" target=\"_blank\" rel=\"noopener noreferrer\">Gamme CD &#8211; 24 \u00e0 110V &#8211; Mobile<\/a><\/p>\n<p><a href=\"https:\/\/www.enag.fr\/wp-content\/uploads\/2017\/05\/FC-CDMV-FR-C.pdf\" target=\"_blank\" rel=\"noopener noreferrer\">Gamme CDMV &#8211; 24V &#8211; Monophas\u00e9<\/a><\/p>\n<p><a href=\"https:\/\/www.enag.fr\/wp-content\/uploads\/2017\/05\/FC-CDS1-FR-F.pdf\" target=\"_blank\" rel=\"noopener noreferrer\">Gamme\u00a0CDS &#8211; 12\/24V<\/a><\/p>\n<p><a href=\"https:\/\/www.enag.fr\/wp-content\/uploads\/2018\/11\/FC-CDSP-FR-F.pdf\" target=\"_blank\" rel=\"noopener noreferrer\">Gamme CDSP &#8211; 24 \u00e0 110V \u00a0&#8211; Portatif<\/a><\/p>\n<p><a href=\"https:\/\/www.enag.fr\/wp-content\/uploads\/2017\/05\/FC-CDS3-FR-B.pdf\" target=\"_blank\" rel=\"noopener noreferrer\">Gamme CDS3 &#8211; 12\/24\/48V<\/a><\/p>\n<p><a href=\"https:\/\/www.enag.fr\/wp-content\/uploads\/2017\/05\/FC-CDS3V-FR-A.pdf\" target=\"_blank\" rel=\"noopener noreferrer\">Gamme CDS3 &#8211; 24V &#8211; BV<\/a><\/p>\n<p><a href=\"https:\/\/www.enag.fr\/wp-content\/uploads\/2018\/09\/FC-CDS4-FR-E.pdf\" target=\"_blank\" rel=\"noopener noreferrer\">Gamme CDS4 &#8211; 12\/24V<\/a><\/p>\n<p><a href=\"https:\/\/www.enag.fr\/wp-content\/uploads\/2018\/11\/FC-CDS4-H-FR-D.pdf\" target=\"_blank\" rel=\"noopener\">Gamme CDS4 H<\/a><\/p>\n<p><a href=\"https:\/\/www.enag.fr\/wp-content\/uploads\/2017\/05\/FC-CDT-24-64-72-110-FR-EN-F.pdf\" target=\"_blank\" rel=\"noopener noreferrer\">Gamme CDT &#8211; 24 \u00e0 110V &#8211; Mobile<\/a><\/p>\n<p><a href=\"https:\/\/www.enag.fr\/wp-content\/uploads\/2017\/05\/FC-CDTV-FR-C.pdf\" target=\"_blank\" rel=\"noopener noreferrer\">Gamme CDTV &#8211; 24V &#8211; Triphas\u00e9<\/a><\/p>\n<p><a href=\"https:\/\/www.enag.fr\/wp-content\/uploads\/2017\/05\/FC-CRM-FR-C.pdf\" target=\"_blank\" rel=\"noopener noreferrer\">Gamme CRM &#8211; 24\/48\/110V &#8211; Monophas\u00e9<\/a><\/p>\n<p><a href=\"https:\/\/www.enag.fr\/wp-content\/uploads\/2017\/05\/FC-CRT-FR-C.pdf\" target=\"_blank\" rel=\"noopener noreferrer\">Gamme CRT &#8211; 24\/48\/110V &#8211; Triphas\u00e9<\/a><\/p>\n<p><a href=\"https:\/\/www.enag.fr\/wp-content\/uploads\/2017\/05\/FC-BATT-Monitor-FR-B.pdf\" target=\"_blank\" rel=\"noopener noreferrer\">Contr\u00f4leur de batterie JBNUM-II<\/a><\/p>\n<p>&nbsp;<\/p>\n<h4>Convertisseur continu\/continu<\/h4>\n<p><a href=\"https:\/\/www.enag.fr\/wp-content\/uploads\/2017\/05\/FC-CCC-MD-SD-FERRO-FR-B.pdf\" target=\"_blank\" rel=\"noopener noreferrer\">Gamme CCC\/MD\/SD<\/a><\/p>\n<p><a href=\"https:\/\/www.enag.fr\/wp-content\/uploads\/2017\/05\/FC-SD1-FR-D.pdf\" target=\"_blank\" rel=\"noopener noreferrer\">Gamme SD &#8211; 12\/48\/110V<\/a><\/p>\n<p>&nbsp;<\/p>\n<h4>Convertisseur de fr\u00e9quence<\/h4>\n<p><a href=\"https:\/\/www.enag.fr\/wp-content\/uploads\/2017\/05\/FC-CF50-60Hz-FR-A.pdf\" target=\"_blank\" rel=\"noopener noreferrer\">Gamme CF &#8211; 50\/60Hz ou 60\/50Hz<\/a><\/p>\n<p><a href=\"https:\/\/www.enag.fr\/wp-content\/uploads\/2017\/05\/FC-CF400Hz-FR-B.pdf\" target=\"_blank\" rel=\"noopener noreferrer\">Gamme CF &#8211; 400Hz &#8211; de 1,5 \u00e0 50kVA<\/a><\/p>\n<p><a href=\"https:\/\/www.enag.fr\/wp-content\/uploads\/2017\/05\/FC-COVALT-400HZ-20KVA-28V-300A-FR-A.pdf\" target=\"_blank\" rel=\"noopener noreferrer\">Gamme COVALT &#8211; 400Hz-20kVA 285V-300A &#8211; Mobile<\/a><\/p>\n<p>&nbsp;<\/p>\n<h4>Moteur et Propulsion<\/h4>\n<p><a href=\"https:\/\/www.enag.fr\/wp-content\/uploads\/2017\/05\/FC-PROP-FR-F.pdf\" target=\"_blank\" rel=\"noopener noreferrer\">Propulsion \u00e9lectrique et hybride DC et AC jusqu&#8217;\u00e0 2MW<\/a><\/p>\n<p><a href=\"https:\/\/www.enag.fr\/wp-content\/uploads\/2017\/05\/FC-MOT-SPE-FR-A.pdf\" target=\"_blank\" rel=\"noopener noreferrer\">Moteurs sp\u00e9cifiques IP56 et IP68<\/a><\/p>\n<p><a href=\"https:\/\/www.enag.fr\/wp-content\/uploads\/2017\/05\/FC-MVC-FR.pdf\" target=\"_blank\" rel=\"noopener noreferrer\">Moteurs 24V DC \u00e0 vitesse variable IP55<\/a><\/p>\n<p><a href=\"https:\/\/www.enag.fr\/wp-content\/uploads\/2017\/05\/FC-BATMAR1-FR-B.pdf\" target=\"_blank\" rel=\"noopener noreferrer\">Batterie marine au plomb<\/a><\/p>\n<p><a href=\"https:\/\/www.enag.fr\/wp-content\/uploads\/2017\/05\/FC-REPARATION-FR-A.pdf\" target=\"_blank\" rel=\"noopener noreferrer\">R\u00e9paration\/rebobinage de moteur et alternateur AC et DC<\/a><\/p>\n<p><a href=\"https:\/\/www.enag.fr\/wp-content\/uploads\/2017\/05\/FC-PAS-HELICE-FR-A.pdf\" target=\"_blank\" rel=\"noopener noreferrer\">Indicateur de pas d&#8217;h\u00e9lice<\/a><\/p>\n<p><a href=\"https:\/\/www.enag.fr\/wp-content\/uploads\/2017\/10\/FC-GH-FR-B.pdf\" target=\"_blank\" rel=\"noopener noreferrer\">Groupe hydrophores AC et DC<\/a><\/p>\n<p><a href=\"https:\/\/www.enag.fr\/wp-content\/uploads\/2017\/05\/FC-BAL-FR-A.pdf\" target=\"_blank\" rel=\"noopener noreferrer\">Balais de mise \u00e0 la masse de ligne d&#8217;arbre<\/a><\/p>\n<p>&nbsp;<\/p>\n<h4>Onduleur<\/h4>\n<p><a href=\"https:\/\/www.enag.fr\/wp-content\/uploads\/2017\/05\/FC-ONS1-FR-D.pdf\" target=\"_blank\" rel=\"noopener noreferrer\">Gamme ONS &#8211; AC\/DC &#8211; Sinus<\/a><\/p>\n<p><a href=\"https:\/\/www.enag.fr\/wp-content\/uploads\/2017\/05\/FC-ONS-M-FR-B.pdf\" target=\"_blank\" rel=\"noopener noreferrer\">Gamme ONS-M &#8211; Ac\/dc &#8211; Modulaire<\/a><\/p>\n<p>&nbsp;<\/p>\n<h4>Radiateur<\/h4>\n<p><a href=\"https:\/\/www.enag.fr\/wp-content\/uploads\/2018\/01\/FC-RAEL-FR-D.pdf\" target=\"_blank\" rel=\"noopener noreferrer\">Gamme RAEL &#8211; 24V &#8211; 230\/400Vac<\/a><\/p>\n<p>&nbsp;<\/p>\n<h4>Ventilateur et accessoire<\/h4>\n<p><a href=\"https:\/\/www.enag.fr\/wp-content\/uploads\/2017\/05\/FC-VCD-BV-FR-A.pdf\" target=\"_blank\" rel=\"noopener noreferrer\">Centrale de chauffage et de d\u00e9sembuage AC et DC<\/a><\/p>\n<p><a href=\"https:\/\/www.enag.fr\/wp-content\/uploads\/2017\/04\/FC-VENT-FR-G.pdf\" target=\"_blank\" rel=\"noopener noreferrer\">Electro-ventilateur axial et centrifuge AC et DC<\/a><\/p>\n<p><a href=\"https:\/\/www.enag.fr\/wp-content\/uploads\/2017\/05\/GPP-STD.pdf\" target=\"_blank\" rel=\"noopener noreferrer\">Grille pare-pluie marine<\/a><\/p>\n<p><a href=\"https:\/\/www.enag.fr\/wp-content\/uploads\/2017\/10\/FC-SE-FR-E.pdf\" target=\"_blank\" rel=\"noopener noreferrer\">S\u00e9parateur d&#8217;embruns<\/a><\/p>\n<p><a href=\"https:\/\/www.enag.fr\/wp-content\/uploads\/2017\/05\/FC-VCF-1-FR-C.pdf\" target=\"_blank\" rel=\"noopener noreferrer\">Volet coupe-feu et fum\u00e9e marine<\/a><\/p>\n<h4><\/h4>\n<p>[\/vc_column_text][\/vc_tta_section][vc_tta_section title=&#8221;Manuels d&#8217;utilisation&#8221; tab_id=&#8221;1496149028792-d44e2cab-084e&#8221;][vc_column_text]<\/p>\n<h4>Alimentation<\/h4>\n<p><a href=\"https:\/\/www.enag.fr\/wp-content\/uploads\/2017\/06\/Manuel-FCC-SMDSM.pdf\" target=\"_blank\" rel=\"noopener noreferrer\">Gamme SMDSM\u00a0FCC<\/a><\/p>\n<p><a href=\"https:\/\/www.enag.fr\/wp-content\/uploads\/2017\/06\/Manuel-ICA-SMDSM.pdf\" target=\"_blank\" rel=\"noopener noreferrer\">Gamme SMDSM ICA<\/a><\/p>\n<h4>Alimentation secourue<\/h4>\n<p><a href=\"https:\/\/www.enag.fr\/wp-content\/uploads\/2018\/05\/Manuel-ADM-SB-FR.pdf\" target=\"_blank\" rel=\"noopener noreferrer\">Gamme ADM SB<\/a><\/p>\n<h4>Chargeur de batterie<\/h4>\n<p><a href=\"https:\/\/www.enag.fr\/wp-content\/uploads\/2017\/06\/Manuel-CDMV.pdf\" target=\"_blank\" rel=\"noopener noreferrer\">Gamme CDMV<\/a><\/p>\n<p><a href=\"https:\/\/www.enag.fr\/wp-content\/uploads\/2017\/06\/Manuel-CDTV.pdf\" target=\"_blank\" rel=\"noopener noreferrer\">Gamme CDTV<\/a><\/p>\n<p><a href=\"https:\/\/www.enag.fr\/wp-content\/uploads\/2017\/06\/Manuel-CDS.pdf\" target=\"_blank\" rel=\"noopener noreferrer\">Gamme CDS<\/a><\/p>\n<p><a href=\"https:\/\/www.enag.fr\/wp-content\/uploads\/2017\/06\/Manuel-CDS3-3M.pdf\" target=\"_blank\" rel=\"noopener noreferrer\">Gamme CDS3 3M<\/a><\/p>\n<p><a href=\"https:\/\/www.enag.fr\/wp-content\/uploads\/2017\/06\/Manuel-CDS3-1H.pdf\" target=\"_blank\" rel=\"noopener noreferrer\">Gamme CDS3 1H<\/a><\/p>\n<p><a href=\"https:\/\/www.enag.fr\/wp-content\/uploads\/2017\/06\/Manuel-CDS3-2H.pdf\" target=\"_blank\" rel=\"noopener noreferrer\">Gamme CDS3 2H<\/a><\/p>\n<p><a href=\"https:\/\/www.enag.fr\/wp-content\/uploads\/2017\/06\/Manuel-CDS3-3M.pdf\" target=\"_blank\" rel=\"noopener noreferrer\">Gamme CDS3 BV<\/a><\/p>\n<p><a href=\"https:\/\/www.enag.fr\/wp-content\/uploads\/2017\/06\/Manuel-CDS4.pdf\" target=\"_blank\" rel=\"noopener noreferrer\">Gamme CDS4<\/a><\/p>\n<h4>Moteur et propulsion<\/h4>\n<p><a href=\"https:\/\/www.enag.fr\/wp-content\/uploads\/2017\/06\/Manuel-Indicateur-pas-dh%C3%A9lice.pdf\" target=\"_blank\" rel=\"noopener noreferrer\">Indicateur de pas d&#8217;h\u00e9lice<\/a><\/p>\n<h4>Onduleur<\/h4>\n<p><a href=\"https:\/\/www.enag.fr\/wp-content\/uploads\/2017\/06\/Manuel-ONS-24-48V.pdf\" target=\"_blank\" rel=\"noopener noreferrer\">Onduleur ONS 2300VA \u00e0 3500VA<\/a><\/p>\n<p><a href=\"https:\/\/www.enag.fr\/wp-content\/uploads\/2017\/06\/Manuel-ONS-12-24-48V.pdf\" target=\"_blank\" rel=\"noopener noreferrer\">Onduleur ONS 200VA \u00e0 2000VA<\/a>[\/vc_column_text][\/vc_tta_section][vc_tta_section title=&#8221;Plans&#8221; tab_id=&#8221;1493137618437-111e14be-b5d4&#8243;][vc_column_text]<\/p>\n<h4>Chargeur de batterie<\/h4>\n<p><a href=\"https:\/\/www.enag.fr\/wp-content\/uploads\/2017\/06\/Plan-Carte-r%C3%A9glage-CRT.pdf\" target=\"_blank\" rel=\"noopener noreferrer\">Gamme CRT<\/a><\/p>\n<p><a href=\"https:\/\/www.enag.fr\/wp-content\/uploads\/2017\/06\/Plan-Carte-r%C3%A9glage-CRM.pdf\" target=\"_blank\" rel=\"noopener noreferrer\">Gamme CRM<\/a><\/p>\n<h4>Ventilateur et accessoire<\/h4>\n<p><a href=\"https:\/\/www.enag.fr\/wp-content\/uploads\/2017\/05\/GPP-STD.pdf\" target=\"_blank\" rel=\"noopener noreferrer\">Grille pare-pluie marine<\/a><\/p>\n<p>[\/vc_column_text][\/vc_tta_section][vc_tta_section title=&#8221;Certificats, CGA &amp; CGV&#8221; tab_id=&#8221;1493137452768-4f5eb862-eb7b&#8221;][vc_column_text]<\/p>\n<h4>Alimentation sans interruption<\/h4>\n<p><a href=\"https:\/\/www.enag.fr\/wp-content\/uploads\/2017\/12\/CERTIFICAT-BV-ALMIV-Valide-2022-11-07.pdf\" target=\"_blank\" rel=\"noopener noreferrer\">Gamme ALMIV &#8211; Certificat BV\u00a0<\/a><\/p>\n<p><a href=\"https:\/\/www.enag.fr\/wp-content\/uploads\/2017\/09\/CERTIFCAT_BV_SMDSM_Valide-2022.pdf\" target=\"_blank\" rel=\"noopener noreferrer\">Gamme SMDSM\u00a0\u00a0&#8211; Certificat BV<\/a><\/p>\n<h4>Chargeur de batterie<\/h4>\n<p><a href=\"https:\/\/www.enag.fr\/wp-content\/uploads\/2017\/05\/ENAG-06352_E1_BV.pdf\" target=\"_blank\" rel=\"noopener noreferrer\">Gamme CDMV 24Vcc\u00a0&#8211; Certificat BV<\/a><\/p>\n<p><a href=\"https:\/\/www.enag.fr\/wp-content\/uploads\/2017\/05\/ENAG-06352_E1_BV.pdf\" target=\"_blank\" rel=\"noopener noreferrer\">Gamme CDTV 24Vcc\u00a0&#8211; Certificat BV<\/a><\/p>\n<p><a href=\"https:\/\/www.enag.fr\/wp-content\/uploads\/2018\/03\/04682_G0-BV.pdf\" target=\"_blank\" rel=\"noopener noreferrer\">Gamme CRM 24-48-110Vcc\u00a0&#8211; Certificat BV<\/a><\/p>\n<p><a href=\"https:\/\/www.enag.fr\/wp-content\/uploads\/2018\/03\/04682_G0-BV.pdf\" target=\"_blank\" rel=\"noopener noreferrer\">Gamme CRT 24-48-110Vcc\u00a0&#8211; Certificat BV<\/a><\/p>\n<h4>Radiateur<\/h4>\n<p><a href=\"https:\/\/www.enag.fr\/wp-content\/uploads\/2017\/06\/CERTIFICAT_BV_RAEL_Valide-2022.pdf\" target=\"_blank\" rel=\"noopener\">Gamme RAEL &#8211; Certificat BV<\/a><\/p>\n<h4>Certificat ISO 9001<\/h4>\n<p><a href=\"https:\/\/www.enag.fr\/wp-content\/uploads\/2018\/10\/CertificatISO9001-2015_180914.pdf\" target=\"_blank\" rel=\"noopener\">Certificat 9001 &#8211; 14\/09\/2018 &#8211; 13\/09\/2021<\/a><\/p>\n<p>&nbsp;<\/p>\n<h4>Conditions g\u00e9n\u00e9rales d&#8217;achat<\/h4>\n<p><a href=\"https:\/\/www.enag.fr\/wp-content\/uploads\/2017\/06\/enag_cga_2017_05_bf-1.pdf\" target=\"_blank\" rel=\"noopener\">CGA Mai 2017<\/a><\/p>\n<p>&nbsp;<\/p>\n<h4>Conditions g\u00e9n\u00e9rales de vente<\/h4>\n<p><a href=\"https:\/\/www.enag.fr\/wp-content\/uploads\/2017\/06\/ENAG-CGV-juillet-2015.pdf\" target=\"_blank\" rel=\"noopener\">CGV Juillet 2015<\/a>[\/vc_column_text][\/vc_tta_section][\/vc_tta_tabs][\/vc_column][\/vc_row]<\/p>\n<\/div>","protected":false},"excerpt":{"rendered":"<p>[vc_row][vc_column width=&#8221;1\/3&#8243;][vc_column_text] Le sens du service Enag propose \u00e0 ses clients une offre compl\u00e8te de services durant tout le cycle de vie de leurs produits. Dans le cadre de d\u00e9veloppements suivant le cahier des charges de nos clients, nos services &hellip;<\/p>\n","protected":false},"author":1,"featured_media":0,"parent":0,"menu_order":0,"comment_status":"closed","ping_status":"closed","template":"","meta":{"_acf_changed":false,"_monsterinsights_skip_tracking":false,"_monsterinsights_sitenote_active":false,"_monsterinsights_sitenote_note":"","_monsterinsights_sitenote_category":0,"footnotes":""},"categories":[],"tags":[],"acf":[],"_links":{"self":[{"href":"https:\/\/www.enag.fr\/english\/wp-json\/wp\/v2\/pages\/4290"}],"collection":[{"href":"https:\/\/www.enag.fr\/english\/wp-json\/wp\/v2\/pages"}],"about":[{"href":"https:\/\/www.enag.fr\/english\/wp-json\/wp\/v2\/types\/page"}],"author":[{"embeddable":true,"href":"https:\/\/www.enag.fr\/english\/wp-json\/wp\/v2\/users\/1"}],"replies":[{"embeddable":true,"href":"https:\/\/www.enag.fr\/english\/wp-json\/wp\/v2\/comments?post=4290"}],"version-history":[{"count":0,"href":"https:\/\/www.enag.fr\/english\/wp-json\/wp\/v2\/pages\/4290\/revisions"}],"wp:attachment":[{"href":"https:\/\/www.enag.fr\/english\/wp-json\/wp\/v2\/media?parent=4290"}],"wp:term":[{"taxonomy":"category","embeddable":true,"href":"https:\/\/www.enag.fr\/english\/wp-json\/wp\/v2\/categories?post=4290"},{"taxonomy":"post_tag","embeddable":true,"href":"https:\/\/www.enag.fr\/english\/wp-json\/wp\/v2\/tags?post=4290"}],"curies":[{"name":"wp","href":"https:\/\/api.w.org\/{rel}","templated":true}]}}